{"id":138,"date":"2025-06-18T17:25:08","date_gmt":"2025-06-18T17:25:08","guid":{"rendered":"https:\/\/bopplisser-herbstmarkt.ch\/?page_id=138"},"modified":"2026-04-20T06:32:01","modified_gmt":"2026-04-20T06:32:01","slug":"marktstand-anmeldung","status":"publish","type":"page","link":"https:\/\/bopplisser-herbstmarkt.ch\/index.php\/marktstand-anmeldung\/","title":{"rendered":"Marktstand-Anmeldung"},"content":{"rendered":"<div class=\"\" style=\"\" >\n    \n    <section class=\"u-clearfix u-grey-5 u-valign-middle-lg u-valign-middle-sm u-valign-middle-xl u-section-2\" id=\"block-5\">\n      <div class=\"custom-expanded u-bottom-right-radius-25 u-gradient u-shape u-shape-round u-shape-1\"><\/div>\n      <img decoding=\"async\" class=\"u-image u-image-round u-radius-25 u-image-1\" data-image-width=\"431\" data-image-height=\"582\" src=\"https:\/\/bopplisser-herbstmarkt.ch\/wp-content\/uploads\/2026\/04\/bopplisser_herbstmarkt_2025_headerbild-1.jpg\">\n      <div class=\"u-align-left u-container-align-left-lg u-container-align-left-xl u-container-style u-group u-palette-3-base u-radius-25 u-shape-round u-group-1\">\n        <div class=\"u-container-layout u-container-layout-1\">\n          <h5 class=\"u-text u-text-default u-text-1\">im hinterdorf <\/h5>\n          <h1 class=\"u-text u-text-2\"> Bopplisser<br>Herbstmarkt\n          <\/h1>\n          <img decoding=\"async\" class=\"u-image u-image-contain u-image-default u-image-2\" src=\"https:\/\/bopplisser-herbstmarkt.ch\/wp-content\/uploads\/2026\/04\/blatt-1.png\" alt=\"\" data-image-width=\"786\" data-image-height=\"715\">\n          <p class=\"u-text u-text-body-alt-color u-text-3\">19. September 2026<br>\n          <\/p>\n        <\/div>\n      <\/div>\n      <div class=\"u-list u-list-1\">\n        <div class=\"u-repeater u-repeater-1\">\n          <div class=\"u-align-left u-container-style u-list-item u-radius-25 u-repeater-item u-shape-round u-white u-list-item-1\">\n            <div class=\"u-container-layout u-similar-container u-valign-top-sm u-container-layout-2\"><span class=\"u-file-icon u-icon u-icon-1\"><img decoding=\"async\" src=\"https:\/\/bopplisser-herbstmarkt.ch\/wp-content\/uploads\/2026\/04\/blatt-1.png\" alt=\"\"><\/span>\n              <h6 class=\"u-custom-font u-font-pt-sans u-text u-text-palette-1-base u-text-4\"> Anmeldung MarkTstand<\/h6>\n            <\/div>\n          <\/div>\n        <\/div>\n      <\/div>\n      <img decoding=\"async\" class=\"u-image u-image-contain u-image-default u-image-3\" src=\"https:\/\/bopplisser-herbstmarkt.ch\/wp-content\/uploads\/2026\/04\/besch-debi-1-1.png\" alt=\"\" data-image-width=\"483\" data-image-height=\"266\">\n    <\/section>\n    <section class=\"u-clearfix u-palette-3-base u-valign-top-sm u-section-3\" id=\"kontakt\">\n      <div class=\"u-expanded-width u-grey-5 u-shape u-shape-rectangle u-shape-1\"><\/div>\n      <div class=\"data-layout-selected u-clearfix u-gutter-0 u-layout-wrap u-layout-wrap-1\">\n        <div class=\"u-gutter-0 u-layout\">\n          <div class=\"u-layout-row\">\n            <div class=\"u-align-left u-container-align-left u-container-style u-layout-cell u-radius u-size-60 u-white u-layout-cell-1\">\n              <div class=\"u-container-layout u-valign-bottom-sm u-container-layout-1\">\n                <h5 class=\"u-text u-text-default u-text-palette-2-base u-text-1\"> Anmeldung<\/h5>\n                <div class=\"custom-expanded u-form u-form-checks-spacing-20 u-form-1\">\n                          <script>\n            function onSuccess(event) {\n                if (typeof window.serviceRequest !== 'undefined') {\n                    window.serviceRequest(jQuery(this).find('form'));\n                }\n                var msgContainer = jQuery(event.currentTarget).find('.wpcf7-response-output');\n                msgContainer.removeClass('u-form-send-error').addClass('u-form-send-message u-form-send-success');\n                msgContainer.show();\n                var redirectAddress = jQuery(event.currentTarget).find('[redirect-address]').attr('redirect-address');\n                if (redirectAddress) {\n                    setTimeout(function () {\n                        location.replace(redirectAddress);\n                    }, 2000);\n                }\n            }\n            function onError(event) {\n                var msgContainer = jQuery(event.currentTarget).find('.wpcf7-response-output');\n                msgContainer.removeClass('u-form-send-success').addClass('u-form-send-message u-form-send-error');\n                msgContainer.show();\n            }\n\n            jQuery('body')\n                .on('wpcf7mailsent',   '.u-form .wpcf7', onSuccess)\n                .on('wpcf7invalid',    '.u-form .wpcf7', onError)\n                .on('wpcf7:unaccepted', '.u-form .wpcf7', onError)\n                .on('wpcf7spam',       '.u-form .wpcf7', onError)\n                .on('wpcf7:aborted',    '.u-form .wpcf7', onError)\n                .on('wpcf7mailfailed', '.u-form .wpcf7', onError);\n        <\/script>\n        <style>\n            .u-form .wpcf7-response-output {\n                \/*position: relative !important;*\/\n                margin: 0 !important;\n                bottom: -70px!important;\n            }\n            .u-form .wpcf7 .ajax-loader {\n                margin-left: -24px;\n                margin-right: 0;\n            }\n        <\/style>\n\n<div class=\"wpcf7 no-js\" id=\"wpcf7-f140-o1\" lang=\"de-DE\" dir=\"ltr\" data-wpcf7-id=\"140\">\n<div class=\"screen-reader-response\"><p role=\"status\" aria-live=\"polite\" aria-atomic=\"true\"><\/p> <ul><\/ul><\/div>\n<form style=\"padding: 0px;\" action=\"\/index.php\/wp-json\/wp\/v2\/pages\/138#wpcf7-f140-o1\" method=\"post\" class=\"wpcf7-form init u-clearfix u-form-spacing-30 u-form-vertical u-inner-form u-form-custom-backend\" aria-label=\"Kontaktformular\" novalidate=\"novalidate\" data-status=\"init\">\n<fieldset class=\"hidden-fields-container\"><input type=\"hidden\" name=\"_wpcf7\" value=\"140\" \/><input type=\"hidden\" name=\"_wpcf7_version\" value=\"6.1.5\" \/><input type=\"hidden\" name=\"_wpcf7_locale\" value=\"de_DE\" \/><input type=\"hidden\" name=\"_wpcf7_unit_tag\" value=\"wpcf7-f140-o1\" \/><input type=\"hidden\" name=\"_wpcf7_container_post\" value=\"0\" \/><input type=\"hidden\" name=\"_wpcf7_posted_data_hash\" value=\"\" \/>\n<\/fieldset>\n\n                    <div class=\"u-form-group wpcf7-form-control-wrap u-form-name u-form-group wpcf7-form-control-wrap-1\">\n                      <label for=\"name-3b9a\" class=\"u-form-control-hidden u-label\">Name<\/label>\n                      <input type=\"text\" id=\"name-3b9a\" name=\"name1\" class=\"u-border-2 u-border-black u-border-no-left u-border-no-right u-border-no-top u-input wpcf7-form-control u-input-rectangle u-input-1\" required=\"\" placeholder=\"Name\">\n                    <\/div>\n                    <div class=\"u-form-group wpcf7-form-control-wrap u-form-name u-form-group wpcf7-form-control-wrap-2\">\n                      <label for=\"name-d987\" class=\"u-form-control-hidden u-label\"><\/label>\n                      <input type=\"text\" placeholder=\"Vorname\" id=\"name-d987\" name=\"vorname\" class=\"u-border-2 u-border-black u-border-no-left u-border-no-right u-border-no-top u-input wpcf7-form-control u-input-rectangle u-input-2\" required=\"\">\n                    <\/div>\n                    <div class=\"u-form-group wpcf7-form-control-wrap u-form-group wpcf7-form-control-wrap-3\">\n                      <label for=\"text-1f5f\" class=\"u-form-control-hidden u-label\"><\/label>\n                      <input type=\"text\" placeholder=\"Adresse\" id=\"text-1f5f\" name=\"adresse\" class=\"u-border-2 u-border-black u-border-no-left u-border-no-right u-border-no-top u-input wpcf7-form-control u-input-rectangle u-input-3\">\n                    <\/div>\n                    <div class=\"u-form-group wpcf7-form-control-wrap u-form-group wpcf7-form-control-wrap-4\">\n                      <label for=\"text-189b\" class=\"u-form-control-hidden u-label\"><\/label>\n                      <input type=\"text\" placeholder=\"PLZ \/ Ort\" id=\"text-189b\" name=\"plzort\" class=\"u-border-2 u-border-black u-border-no-left u-border-no-right u-border-no-top u-input wpcf7-form-control u-input-rectangle u-input-4\">\n                    <\/div>\n                    <div class=\"u-form-email u-form-group wpcf7-form-control-wrap u-form-group wpcf7-form-control-wrap-5\">\n                      <label for=\"email-3b9a\" class=\"u-form-control-hidden u-label\">Email<\/label>\n                      <input type=\"email\" placeholder=\"E-Mail Adresse\" id=\"email-3b9a\" name=\"Meine Verkaufsfl\u00e4che:       m\" class=\"u-border-2 u-border-black u-border-no-left u-border-no-right u-border-no-top u-input wpcf7-form-control u-input-rectangle u-input-5\" required=\"\">\n                    <\/div>\n                    <div class=\"u-form-group wpcf7-form-control-wrap u-form-group wpcf7-form-control-wrap-6\">\n                      <label for=\"message-3b9a\" class=\"u-form-control-hidden u-label\">Message<\/label>\n                      <input placeholder=\"\u200bIch verkaufe:\" cols=\"50\" id=\"message-3b9a\" name=\"ichverkaufe\" class=\"u-border-2 u-border-black u-border-no-left u-border-no-right u-border-no-top u-input wpcf7-form-control u-input-rectangle u-input-6\" required=\"required\" type=\"text\">\n                    <\/div>\n                    <div class=\"u-form-group wpcf7-form-control-wrap u-form-group wpcf7-form-control-wrap-7\">\n                      <label for=\"text-0b19\" class=\"u-form-control-hidden u-label\"><\/label>\n                      <input type=\"text\" placeholder=\"Meine Verkaufsfl\u00e4che:  in Meter\" id=\"text-0b19\" name=\"verkaufsflaeche\" class=\"u-border-2 u-border-black u-border-no-left u-border-no-right u-border-no-top u-input wpcf7-form-control u-input-rectangle u-input-7\" required=\"required\">\n                    <\/div>\n                    <div class=\"u-form-group wpcf7-form-control-wrap u-form-group wpcf7-form-control-wrap-8\">\n                      <label for=\"text-90c6\" class=\"u-form-control-hidden u-label\"><\/label>\n                      <input type=\"text\" placeholder=\"Ich ben\u00f6tige Strom: Ja \/ Nein\" id=\"text-90c6\" name=\"strom\" class=\"u-border-2 u-border-black u-border-no-left u-border-no-right u-border-no-top u-input wpcf7-form-control u-input-rectangle u-input-8\" required=\"required\">\n                    <\/div>\n                    <div class=\"u-form-group wpcf7-form-control-wrap u-form-group wpcf7-form-control-wrap-9\">\n                      <label for=\"text-b2b0\" class=\"u-form-control-hidden u-label\"><\/label>\n                      <input type=\"text\" placeholder=\"Ich habe ein Zelt dabei: L\u00e4nge x Breite angeben\" id=\"text-b2b0\" name=\"zelt\" class=\"u-border-2 u-border-black u-border-no-left u-border-no-right u-border-no-top u-input wpcf7-form-control u-input-rectangle u-input-9\">\n                    <\/div>\n                    <div class=\"u-form-checkbox u-form-group wpcf7-form-control-wrap u-form-group wpcf7-form-control-wrap-10\">\n                      <input type=\"checkbox\" id=\"checkbox-9d4f\" name=\"marktstand-mieten\" value=\"Ja\" class=\"u-border-2 u-border-grey-75 u-field-input\">\n                      <label for=\"checkbox-9d4f\" class=\"u-field-label u-text-grey-40\" style=\"font-size: 1.125rem;\">Ich m\u00f6chte einen Marktstand mieten f\u00fcr Fr. 30.00 (exkl. Standgeb\u00fchren)<\/label>\n                    <\/div>\n                    <div class=\"u-form-group wpcf7-form-control-wrap u-form-textarea u-form-group wpcf7-form-control-wrap-11\">\n                      <label for=\"textarea-a194\" class=\"u-form-control-hidden u-label\"><\/label>\n                      <textarea rows=\"4\" cols=\"50\" id=\"textarea-a194\" name=\"Miete f\u00fcr Fr. 30.00&nbsp;(exkl. Standgeb\u00fchren)&nbsp;\" class=\"u-border-2 u-border-black u-border-no-left u-border-no-right u-border-no-top u-input wpcf7-form-control u-input-rectangle u-input-10\" required=\"\" placeholder=\"\u200bBemerkung\"><\/textarea>\n                    <\/div>\n                    <div class=\"u-align-left u-form-group wpcf7-form-control-wrap u-form-submit wpcf7-form-control\">\n                      <a href=\"#\" class=\"u-btn u-btn-round u-btn-submit wpcf7-submit u-button-style u-hover-palette-1-dark-1 u-palette-1-base u-radius-50 u-btn-1\">versenden <\/a>\n                      <input type=\"submit\" value=\"submit\" class=\"u-form-control-hidden\">\n                    <\/div>\n                    <div class=\"u-form-send-message u-form-send-success\">Vielen Dank! Deine Nachricht wurde gesendet.<\/div>\n                    <div class=\"u-form-send-error u-form-send-message\">Deine Nachricht konnte nicht gesendet werden. Bitte behebe die Fehler und versuche es erneut.<\/div>\n                    <input type=\"hidden\" value=\"\" name=\"recaptchaResponse\">\n                  <input type=\"hidden\" name=\"_contact7_backend\" value=\"1\"><div class=\"wpcf7-response-output\" aria-hidden=\"true\"><\/div>\n<\/form>\n<\/div>\n\n                <\/div>\n              <\/div>\n            <\/div>\n          <\/div>\n        <\/div>\n      <\/div>\n    <\/section>\n    <section class=\"u-clearfix u-grey-5 u-valign-middle-sm u-section-4\" id=\"sec-4a7a\">\n      <p class=\"u-text u-text-1\"><span style=\"font-size: 1.3125rem; font-weight: 700;\">Marktstand M<\/span><span style=\"font-size: 1.3125rem; font-weight: 700;\">iete<\/span>\n        <br><span style=\"font-size: 1.3125rem;\">Kosten: Fr. 30.00.-&nbsp;<\/span>(exkl. Standgeb\u00fchren)&nbsp;<br>\n      <\/p>\n      <div class=\"custom-expanded u-grey-15 u-radius u-shape u-shape-round u-shape-1\"><\/div>\n      <div class=\"u-palette-3-base u-radius-25 u-shape u-shape-round u-shape-2\"><\/div>\n      <img decoding=\"async\" src=\"https:\/\/bopplisser-herbstmarkt.ch\/wp-content\/uploads\/2026\/03\/Marktstaende-mieten-ast-messebau_1.jpg\" class=\"u-align-left u-image u-image-round u-radius-25 u-image-1\" data-image-width=\"670\" data-image-height=\"509\">\n      <img decoding=\"async\" src=\"https:\/\/bopplisser-herbstmarkt.ch\/wp-content\/uploads\/2026\/03\/marktstand-scaled.jpg\" class=\"u-align-left u-image u-image-round u-radius-25 u-image-2\" data-image-width=\"3024\" data-image-height=\"4032\">\n      <p class=\"u-text u-text-2\"><span style=\"font-weight: 700;\">Material<\/span>: Gestell und&nbsp;Buffet: Holz \/ Dach: PVC<br><span style=\"font-weight: 700;\">Gr\u00f6sse:&nbsp;<\/span>1400mm x 750mm - H\u00f6he 2200mm<br>\n      <\/p>\n    <\/section>\n    \n    \n    \n  \n<\/div>","protected":false},"excerpt":{"rendered":"<p>im hinterdorf BopplisserHerbstmarkt 19. September 2026 Anmeldung MarkTstand Anmeldung Name Email Message Ich m\u00f6chte einen Marktstand mieten f\u00fcr Fr. 30.00 (exkl. Standgeb\u00fchren) versenden Vielen Dank! Deine Nachricht wurde gesendet. Deine Nachricht konnte nicht gesendet werden. Bitte behebe die Fehler und versuche es erneut. Marktstand Miete Kosten: Fr. 30.00.-&nbsp;(exkl. Standgeb\u00fchren)&nbsp; Material: Gestell und&nbsp;Buffet: Holz \/ Dach: [&hellip;]<\/p>\n","protected":false},"author":1,"featured_media":0,"parent":0,"menu_order":0,"comment_status":"closed","ping_status":"closed","template":"","meta":{"footnotes":""},"class_list":["post-138","page","type-page","status-publish","hentry"],"yoast_head":"<!-- This site is optimized with the Yoast SEO plugin v27.4 - https:\/\/yoast.com\/product\/yoast-seo-wordpress\/ -->\n<title>Marktstand-Anmeldung - Bopplisser Herbstmarkt - Im Hinterdorf<\/title>\n<meta name=\"description\" content=\"Boppelsen Herbstmarkt - 19. September 2026\u200b Ein Dorf. Ein Markt. Ein Erlebnis. Anmeldung Marktstand.\" \/>\n<meta name=\"robots\" content=\"index, follow, max-snippet:-1, max-image-preview:large, max-video-preview:-1\" \/>\n<link rel=\"canonical\" href=\"https:\/\/bopplisser-herbstmarkt.ch\/index.php\/marktstand-anmeldung\/\" \/>\n<meta property=\"og:locale\" content=\"de_DE\" \/>\n<meta property=\"og:type\" content=\"article\" \/>\n<meta property=\"og:title\" content=\"Marktstand-Anmeldung - Bopplisser Herbstmarkt - Im Hinterdorf\" \/>\n<meta property=\"og:description\" content=\"Boppelsen Herbstmarkt - 19. September 2026\u200b Ein Dorf. Ein Markt. Ein Erlebnis. Anmeldung Marktstand.\" \/>\n<meta property=\"og:url\" content=\"https:\/\/bopplisser-herbstmarkt.ch\/index.php\/marktstand-anmeldung\/\" \/>\n<meta property=\"og:site_name\" content=\"Bopplisser Herbstmarkt - Im Hinterdorf\" \/>\n<meta property=\"article:modified_time\" content=\"2026-04-20T06:32:01+00:00\" \/>\n<meta name=\"twitter:card\" content=\"summary_large_image\" \/>\n<meta name=\"twitter:label1\" content=\"Gesch\u00e4tzte Lesezeit\" \/>\n\t<meta name=\"twitter:data1\" content=\"2\u00a0Minuten\" \/>\n<script type=\"application\/ld+json\" class=\"yoast-schema-graph\">{\"@context\":\"https:\\\/\\\/schema.org\",\"@graph\":[{\"@type\":\"WebPage\",\"@id\":\"https:\\\/\\\/bopplisser-herbstmarkt.ch\\\/index.php\\\/marktstand-anmeldung\\\/\",\"url\":\"https:\\\/\\\/bopplisser-herbstmarkt.ch\\\/index.php\\\/marktstand-anmeldung\\\/\",\"name\":\"Marktstand-Anmeldung - Bopplisser Herbstmarkt - Im Hinterdorf\",\"isPartOf\":{\"@id\":\"https:\\\/\\\/bopplisser-herbstmarkt.ch\\\/#website\"},\"datePublished\":\"2025-06-18T17:25:08+00:00\",\"dateModified\":\"2026-04-20T06:32:01+00:00\",\"description\":\"Boppelsen Herbstmarkt - 19. September 2026\u200b Ein Dorf. Ein Markt. Ein Erlebnis. Anmeldung Marktstand.\",\"breadcrumb\":{\"@id\":\"https:\\\/\\\/bopplisser-herbstmarkt.ch\\\/index.php\\\/marktstand-anmeldung\\\/#breadcrumb\"},\"inLanguage\":\"de\",\"potentialAction\":[{\"@type\":\"ReadAction\",\"target\":[\"https:\\\/\\\/bopplisser-herbstmarkt.ch\\\/index.php\\\/marktstand-anmeldung\\\/\"]}]},{\"@type\":\"BreadcrumbList\",\"@id\":\"https:\\\/\\\/bopplisser-herbstmarkt.ch\\\/index.php\\\/marktstand-anmeldung\\\/#breadcrumb\",\"itemListElement\":[{\"@type\":\"ListItem\",\"position\":1,\"name\":\"Startseite\",\"item\":\"https:\\\/\\\/bopplisser-herbstmarkt.ch\\\/\"},{\"@type\":\"ListItem\",\"position\":2,\"name\":\"Marktstand-Anmeldung\"}]},{\"@type\":\"WebSite\",\"@id\":\"https:\\\/\\\/bopplisser-herbstmarkt.ch\\\/#website\",\"url\":\"https:\\\/\\\/bopplisser-herbstmarkt.ch\\\/\",\"name\":\"Bopplisser Herbstmarkt - Im Hinterdorf\",\"description\":\"\",\"potentialAction\":[{\"@type\":\"SearchAction\",\"target\":{\"@type\":\"EntryPoint\",\"urlTemplate\":\"https:\\\/\\\/bopplisser-herbstmarkt.ch\\\/?s={search_term_string}\"},\"query-input\":{\"@type\":\"PropertyValueSpecification\",\"valueRequired\":true,\"valueName\":\"search_term_string\"}}],\"inLanguage\":\"de\"}]}<\/script>\n<!-- \/ Yoast SEO plugin. -->","yoast_head_json":{"title":"Marktstand-Anmeldung - Bopplisser Herbstmarkt - Im Hinterdorf","description":"Boppelsen Herbstmarkt - 19. September 2026\u200b Ein Dorf. Ein Markt. Ein Erlebnis. Anmeldung Marktstand.","robots":{"index":"index","follow":"follow","max-snippet":"max-snippet:-1","max-image-preview":"max-image-preview:large","max-video-preview":"max-video-preview:-1"},"canonical":"https:\/\/bopplisser-herbstmarkt.ch\/index.php\/marktstand-anmeldung\/","og_locale":"de_DE","og_type":"article","og_title":"Marktstand-Anmeldung - Bopplisser Herbstmarkt - Im Hinterdorf","og_description":"Boppelsen Herbstmarkt - 19. September 2026\u200b Ein Dorf. Ein Markt. Ein Erlebnis. Anmeldung Marktstand.","og_url":"https:\/\/bopplisser-herbstmarkt.ch\/index.php\/marktstand-anmeldung\/","og_site_name":"Bopplisser Herbstmarkt - Im Hinterdorf","article_modified_time":"2026-04-20T06:32:01+00:00","twitter_card":"summary_large_image","twitter_misc":{"Gesch\u00e4tzte Lesezeit":"2\u00a0Minuten"},"schema":{"@context":"https:\/\/schema.org","@graph":[{"@type":"WebPage","@id":"https:\/\/bopplisser-herbstmarkt.ch\/index.php\/marktstand-anmeldung\/","url":"https:\/\/bopplisser-herbstmarkt.ch\/index.php\/marktstand-anmeldung\/","name":"Marktstand-Anmeldung - Bopplisser Herbstmarkt - Im Hinterdorf","isPartOf":{"@id":"https:\/\/bopplisser-herbstmarkt.ch\/#website"},"datePublished":"2025-06-18T17:25:08+00:00","dateModified":"2026-04-20T06:32:01+00:00","description":"Boppelsen Herbstmarkt - 19. September 2026\u200b Ein Dorf. Ein Markt. Ein Erlebnis. Anmeldung Marktstand.","breadcrumb":{"@id":"https:\/\/bopplisser-herbstmarkt.ch\/index.php\/marktstand-anmeldung\/#breadcrumb"},"inLanguage":"de","potentialAction":[{"@type":"ReadAction","target":["https:\/\/bopplisser-herbstmarkt.ch\/index.php\/marktstand-anmeldung\/"]}]},{"@type":"BreadcrumbList","@id":"https:\/\/bopplisser-herbstmarkt.ch\/index.php\/marktstand-anmeldung\/#breadcrumb","itemListElement":[{"@type":"ListItem","position":1,"name":"Startseite","item":"https:\/\/bopplisser-herbstmarkt.ch\/"},{"@type":"ListItem","position":2,"name":"Marktstand-Anmeldung"}]},{"@type":"WebSite","@id":"https:\/\/bopplisser-herbstmarkt.ch\/#website","url":"https:\/\/bopplisser-herbstmarkt.ch\/","name":"Bopplisser Herbstmarkt - Im Hinterdorf","description":"","potentialAction":[{"@type":"SearchAction","target":{"@type":"EntryPoint","urlTemplate":"https:\/\/bopplisser-herbstmarkt.ch\/?s={search_term_string}"},"query-input":{"@type":"PropertyValueSpecification","valueRequired":true,"valueName":"search_term_string"}}],"inLanguage":"de"}]}},"_links":{"self":[{"href":"https:\/\/bopplisser-herbstmarkt.ch\/index.php\/wp-json\/wp\/v2\/pages\/138","targetHints":{"allow":["GET"]}}],"collection":[{"href":"https:\/\/bopplisser-herbstmarkt.ch\/index.php\/wp-json\/wp\/v2\/pages"}],"about":[{"href":"https:\/\/bopplisser-herbstmarkt.ch\/index.php\/wp-json\/wp\/v2\/types\/page"}],"author":[{"embeddable":true,"href":"https:\/\/bopplisser-herbstmarkt.ch\/index.php\/wp-json\/wp\/v2\/users\/1"}],"replies":[{"embeddable":true,"href":"https:\/\/bopplisser-herbstmarkt.ch\/index.php\/wp-json\/wp\/v2\/comments?post=138"}],"version-history":[{"count":26,"href":"https:\/\/bopplisser-herbstmarkt.ch\/index.php\/wp-json\/wp\/v2\/pages\/138\/revisions"}],"predecessor-version":[{"id":258,"href":"https:\/\/bopplisser-herbstmarkt.ch\/index.php\/wp-json\/wp\/v2\/pages\/138\/revisions\/258"}],"wp:attachment":[{"href":"https:\/\/bopplisser-herbstmarkt.ch\/index.php\/wp-json\/wp\/v2\/media?parent=138"}],"curies":[{"name":"wp","href":"https:\/\/api.w.org\/{rel}","templated":true}]}}